{"id":365,"date":"2025-06-18T16:43:44","date_gmt":"2025-06-18T16:43:44","guid":{"rendered":"https:\/\/guymunzjones.com\/nosotros\/"},"modified":"2025-12-03T11:35:22","modified_gmt":"2025-12-03T11:35:22","slug":"que-hago","status":"publish","type":"page","link":"https:\/\/guymunzjones.com\/en\/que-hago\/","title":{"rendered":"Qu\u00e9 hago"},"content":{"rendered":"<section class=\"header_about_ecommerce_curvy1_1_1 background-1-dark\" id=\"\" data-block-id=\"69e88e1a68a6569e88e1a68a67\" data-block-name=\"acf\/header-about-ecommerce-curvy1-1-1\" data-post-id=\"365\" data-stable-id=\"block_cf943cc8da8866b9171250db3eabc6a6\">\r\n    <div class=\"container\">\r\n        <div class=\"row\">\r\n            <div class=\"col col-titulo\">\r\n                                <h1 class=\"tamano1 color-2-headings-light\">C\u00f3mo puedo ayudarte<\/h1>\r\n                                                <div class=\"texto tamano-7-mediumcta color-2-body-light\"><p>Freelance en consultor\u00eda de marketing estrat\u00e9gico<\/p>\n<\/div>\r\n                            <\/div>\r\n            <div class=\"col col-imagen\">\r\n                                <div class=\"imagen\" aria-label=\"\"\r\n                    style=\"background-image:url('https:\/\/guymunzjones.com\/wp-content\/uploads\/2025\/08\/Leonardo_Vision_XL_Diseo_digital_de_un_mundo_conectado_mostran_0.jpg');\">\r\n                                        <\/div>\r\n                <\/div>\r\n            <\/div>\r\n        <\/div>\r\n<\/section>\r\n<style>\r\n    .header_about_ecommerce_curvy1_1_1:after {\r\n        content: \"\";\r\n        background: var(--background-1-light);\r\n        width: 100%;\r\n        bottom: -1px;\r\n        left: 0;\r\n        height: 300px;\r\n        position: absolute;\r\n        z-index: 0;\r\n    }\r\n\r\n    .header_about_ecommerce_curvy1_1_1 .col-imagen .imagen {\r\n        height: 737px;\r\n        background-position: center;\r\n        background-repeat: no-repeat;\r\n        border-radius: 30px;\r\n        background-size: cover;\r\n    }\r\n    \r\n    .header_about_ecommerce_curvy1_1_1 {\r\n        padding-top: 260px;\r\n        position: relative;\r\n        padding-bottom: 40px;\r\n    }\r\n\r\n    .header_about_ecommerce_curvy1_1_1 .texto * {\r\n        padding-bottom: 15px;\r\n    }\r\n\r\n    .header_about_ecommerce_curvy1_1_1 .col-imagen {\r\n        margin-top: 125px;\r\n    }\r\n\r\n    .header_about_ecommerce_curvy1_1_1 .texto *:last-child {\r\n        padding-bottom: 0;\r\n    }\r\n\r\n    .header_about_ecommerce_curvy1_1_1 .container {\r\n        position: relative;\r\n        z-index: 1;\r\n    }\r\n\r\n    .header_about_ecommerce_curvy1_1_1 .col-titulo {\r\n        max-width: 1250px;\r\n        margin: 0 auto;\r\n        text-align: center;\r\n    }\r\n\r\n    .header_about_ecommerce_curvy1_1_1 .btn-round {\r\n        border-radius: 60px;\r\n        \/* background: var(--color-boton-3-normal);*\/\r\n        padding: 12px 25px;\r\n        \/*color: var(--color-boton-3-texto-normal);*\/\r\n        display: inline-block;\r\n        min-width: 175px;\r\n        text-align: center;\r\n        text-decoration: none;\r\n    }\r\n    \r\n    .header_about_ecommerce_curvy1_1_1 h1 {\r\n        padding-bottom: 20px;\r\n        max-width: 1205px;\r\n    }\r\n\r\n    @media (max-width:1350px) {\r\n        .header_about_ecommerce_curvy1_1_1 .col-imagen .imagen {\r\n            height: 620px;\r\n        }\r\n    }\r\n\r\n    @media (max-width:1200px) {\r\n        .header_about_ecommerce_curvy1_1_1 .col-imagen .imagen {\r\n            height: 540px;\r\n        }\r\n\r\n        .header_about_ecommerce_curvy1_1_1 {\r\n            padding-top: 180px;\r\n        }\r\n\r\n        .header_about_ecommerce_curvy1_1_1 .col-imagen {\r\n            margin-top: 100px;\r\n        }\r\n    }\r\n\r\n    @media (max-width:992px) {\r\n        .header_about_ecommerce_curvy1_1_1 .col-imagen .imagen {\r\n            height: 450px;\r\n        }\r\n    }\r\n\r\n    @media (max-width:768px) {\r\n        .header_about_ecommerce_curvy1_1_1 .col-imagen .imagen {\r\n            height: 350px;\r\n        }\r\n\r\n        .header_about_ecommerce_curvy1_1_1:after {\r\n            height: 215px;\r\n        }\r\n\r\n        .header_about_ecommerce_curvy1_1_1 {\r\n            padding-top: 100px;\r\n        }\r\n\r\n        .header_about_ecommerce_curvy1_1_1 h1 {\r\n            padding: 35px 0 25px;\r\n            line-height: var(--tamano5-line-height);\r\n            font-size: var(--tamano4-font-size);\r\n        }\r\n\r\n        .header_about_ecommerce_curvy1_1_1 .texto {\r\n            padding-bottom: 20px;\r\n        }\r\n\r\n        .header_about_ecommerce_curvy1_1_1 .col-imagen {\r\n            margin-top: 30px;\r\n        }\r\n    }\r\n\r\n    @media (max-width:575px) {\r\n        .header_about_ecommerce_curvy1_1_1 .col-imagen .imagen {\r\n            height: 275px;\r\n        }\r\n    }\r\n<\/style>\r\n\n\n<section class=\"services_17_1 background-2-light\" id=\"\" data-block-id=\"69e88e1a6c77c69e88e1a6c77d\" data-block-name=\"acf\/services-17-1\" data-post-id=\"365\" data-stable-id=\"block_e2bc8c16c6320e8d270fce53139688ce\">\r\n     <div class=\"container\">\r\n         <div class=\"row\">\r\n             <div class=\"col col-top\">\r\n                 <div class=\"left\">\r\n                                                           <\/div>\r\n                 <div class=\"right\">\r\n                     <div class=\"flechas\">\r\n                         <div class=\"izquierda\">\r\n                             <svg width=\"40\" height=\"40\" viewBox=\"0 0 40 40\" fill=\"none\"\r\n                                 xmlns=\"http:\/\/www.w3.org\/2000\/svg\">\r\n                                 <circle cx=\"20\" cy=\"20\" r=\"19.25\" transform=\"rotate(180 20 20)\"\r\n                                     stroke=\"#211D4F\" stroke-width=\"1.5\" \/>\r\n                                 <path fill-rule=\"evenodd\" clip-rule=\"evenodd\"\r\n                                     d=\"M18.7517 23.6925C19.0596 23.9696 19.0846 24.4438 18.8075 24.7517C18.5304 25.0596 18.0562 25.0846 17.7483 24.8075L12.7508 20.3097C12.5969 20.1723 12.5 19.9725 12.5 19.75C12.5 19.5275 12.5969 19.3276 12.7508 19.1902L17.7483 14.6925C18.0562 14.4154 18.5304 14.4404 18.8075 14.7483C19.0846 15.0562 19.0596 15.5304 18.7517 15.8075L15.2045 19L27.25 19C27.6642 19 28 19.3358 28 19.75C28 20.1642 27.6642 20.5 27.25 20.5L15.2045 20.5L18.7517 23.6925Z\"\r\n                                     fill=\"#211D4F\" \/>\r\n                             <\/svg>\r\n                         <\/div>\r\n                         <div class=\"derecha\">\r\n                             <svg width=\"40\" height=\"40\" viewBox=\"0 0 40 40\" fill=\"none\"\r\n                                 xmlns=\"http:\/\/www.w3.org\/2000\/svg\">\r\n                                 <circle cx=\"20\" cy=\"20\" r=\"19.25\" transform=\"rotate(180 20 20)\"\r\n                                     stroke=\"#211D4F\" stroke-width=\"1.5\" \/>\r\n                                 <path fill-rule=\"evenodd\" clip-rule=\"evenodd\"\r\n                                     d=\"M18.7517 23.6925C19.0596 23.9696 19.0846 24.4438 18.8075 24.7517C18.5304 25.0596 18.0562 25.0846 17.7483 24.8075L12.7508 20.3097C12.5969 20.1723 12.5 19.9725 12.5 19.75C12.5 19.5275 12.5969 19.3276 12.7508 19.1902L17.7483 14.6925C18.0562 14.4154 18.5304 14.4404 18.8075 14.7483C19.0846 15.0562 19.0596 15.5304 18.7517 15.8075L15.2045 19L27.25 19C27.6642 19 28 19.3358 28 19.75C28 20.1642 27.6642 20.5 27.25 20.5L15.2045 20.5L18.7517 23.6925Z\"\r\n                                     fill=\"#211D4F\" \/>\r\n                             <\/svg>\r\n                         <\/div>\r\n                     <\/div>\r\n                 <\/div>\r\n             <\/div>\r\n         <\/div>\r\n         <div class=\"row row-servicios\">\r\n             <div class=\"col col-servicios\">\r\n                 <div class=\"slider\">\r\n                                                                                                                                     <div class=\"servicio-item background-1-light\">\r\n                                 <div class=\"meta\">\r\n                                     <div class=\"icono color-logotipo-positive\">\r\n                                                                                                                                       <svg fill=\"currentColor\"  xmlns=\"http:\/\/www.w3.org\/2000\/svg\" viewBox=\"0 0 512 512\"><!--! Font Awesome Pro 6.7.2 by @fontawesome - https:\/\/fontawesome.com License - https:\/\/fontawesome.com\/license (Commercial License) Copyright 2024 Fonticons, Inc. --><path d=\"M448 256A192 192 0 1 0 64 256a192 192 0 1 0 384 0zM0 256a256 256 0 1 1 512 0A256 256 0 1 1 0 256zm256 80a80 80 0 1 0 0-160 80 80 0 1 0 0 160zm0-224a144 144 0 1 1 0 288 144 144 0 1 1 0-288zM224 256a32 32 0 1 1 64 0 32 32 0 1 1 -64 0z\"\/><\/svg>                                                                                                                           <\/div>\r\n\r\n                                                                          <h3 class=\"tamano5 boton-4-texto-normal\">1. Estrategia de marca que genera relevancia y resultados<\/h3>\r\n                                                                                                               <div class=\"texto tamano7 color-1-body-dark\"><p data-start=\"310\" data-end=\"528\">Ayudo a clarificar qu\u00e9 representa tu marca y c\u00f3mo evolucionarla para crecer. Desde reposicionamientos hasta la definici\u00f3n de propuestas de valor, siempre desde el insight del consumidor y el impacto real en el negocio.<\/p>\n<\/div>\r\n                                     \r\n                                 <\/div>\r\n                                                              <\/div>\r\n                                                                                       <div class=\"servicio-item background-1-light\">\r\n                                 <div class=\"meta\">\r\n                                     <div class=\"icono color-logotipo-positive\">\r\n                                                                                                                                       <svg fill=\"currentColor\"  xmlns=\"http:\/\/www.w3.org\/2000\/svg\" viewBox=\"0 0 384 512\"><!--! Font Awesome Pro 6.7.2 by @fontawesome - https:\/\/fontawesome.com License - https:\/\/fontawesome.com\/license (Commercial License) Copyright 2024 Fonticons, Inc. --><path d=\"M272 384c9.6-31.9 29.5-59.1 49.2-86.2c0 0 0 0 0 0c5.2-7.1 10.4-14.2 15.4-21.4c19.8-28.5 31.4-63 31.4-100.3C368 78.8 289.2 0 192 0S16 78.8 16 176c0 37.3 11.6 71.9 31.4 100.3c5 7.2 10.2 14.3 15.4 21.4c0 0 0 0 0 0c19.8 27.1 39.7 54.4 49.2 86.2l160 0zM192 512c44.2 0 80-35.8 80-80l0-16-160 0 0 16c0 44.2 35.8 80 80 80zM112 176c0 8.8-7.2 16-16 16s-16-7.2-16-16c0-61.9 50.1-112 112-112c8.8 0 16 7.2 16 16s-7.2 16-16 16c-44.2 0-80 35.8-80 80z\"\/><\/svg>                                                                                                                           <\/div>\r\n\r\n                                                                          <h3 class=\"tamano5 boton-4-texto-normal\">2. Innovaci\u00f3n que aporta valor comercial<\/h3>\r\n                                                                                                               <div class=\"texto tamano7 color-1-body-dark\"><p data-start=\"585\" data-end=\"816\">Trabajo a lo largo de todo el recorrido de innovaci\u00f3n \u2014 identificando oportunidades, desarrollando conceptos, priorizando y preparando el lanzamiento. Incluye la creaci\u00f3n de valor a partir de subproductos o activos infrautilizados.<\/p>\n<p data-start=\"818\" data-end=\"834\">\n<\/div>\r\n                                     \r\n                                 <\/div>\r\n                                                                  <a class=\"btn-round tamano-7-mediumcta color-boton-1-texto-normal color-boton-1-normal\"\r\n                                     href=\"https:\/\/guymunzjones.com\/asi-trabajo\" target=\"\">C\u00f3mo trabajo<\/a>\r\n                                                              <\/div>\r\n                                                                                       <div class=\"servicio-item background-1-light\">\r\n                                 <div class=\"meta\">\r\n                                     <div class=\"icono color-logotipo-positive\">\r\n                                                                                                                                       <svg fill=\"currentColor\"  xmlns=\"http:\/\/www.w3.org\/2000\/svg\" viewBox=\"0 0 640 512\"><!--! Font Awesome Pro 6.7.2 by @fontawesome - https:\/\/fontawesome.com License - https:\/\/fontawesome.com\/license (Commercial License) Copyright 2024 Fonticons, Inc. --><path d=\"M308.5 135.3c7.1-6.3 9.9-16.2 6.2-25c-2.3-5.3-4.8-10.5-7.6-15.5L304 89.4c-3-5-6.3-9.9-9.8-14.6c-5.7-7.6-15.7-10.1-24.7-7.1l-28.2 9.3c-10.7-8.8-23-16-36.2-20.9L199 27.1c-1.9-9.3-9.1-16.7-18.5-17.8C173.9 8.4 167.2 8 160.4 8l-.7 0c-6.8 0-13.5 .4-20.1 1.2c-9.4 1.1-16.6 8.6-18.5 17.8L115 56.1c-13.3 5-25.5 12.1-36.2 20.9L50.5 67.8c-9-3-19-.5-24.7 7.1c-3.5 4.7-6.8 9.6-9.9 14.6l-3 5.3c-2.8 5-5.3 10.2-7.6 15.6c-3.7 8.7-.9 18.6 6.2 25l22.2 19.8C32.6 161.9 32 168.9 32 176s.6 14.1 1.7 20.9L11.5 216.7c-7.1 6.3-9.9 16.2-6.2 25c2.3 5.3 4.8 10.5 7.6 15.6l3 5.2c3 5.1 6.3 9.9 9.9 14.6c5.7 7.6 15.7 10.1 24.7 7.1l28.2-9.3c10.7 8.8 23 16 36.2 20.9l6.1 29.1c1.9 9.3 9.1 16.7 18.5 17.8c6.7 .8 13.5 1.2 20.4 1.2s13.7-.4 20.4-1.2c9.4-1.1 16.6-8.6 18.5-17.8l6.1-29.1c13.3-5 25.5-12.1 36.2-20.9l28.2 9.3c9 3 19 .5 24.7-7.1c3.5-4.7 6.8-9.5 9.8-14.6l3.1-5.4c2.8-5 5.3-10.2 7.6-15.5c3.7-8.7 .9-18.6-6.2-25l-22.2-19.8c1.1-6.8 1.7-13.8 1.7-20.9s-.6-14.1-1.7-20.9l22.2-19.8zM112 176a48 48 0 1 1 96 0 48 48 0 1 1 -96 0zM504.7 500.5c6.3 7.1 16.2 9.9 25 6.2c5.3-2.3 10.5-4.8 15.5-7.6l5.4-3.1c5-3 9.9-6.3 14.6-9.8c7.6-5.7 10.1-15.7 7.1-24.7l-9.3-28.2c8.8-10.7 16-23 20.9-36.2l29.1-6.1c9.3-1.9 16.7-9.1 17.8-18.5c.8-6.7 1.2-13.5 1.2-20.4s-.4-13.7-1.2-20.4c-1.1-9.4-8.6-16.6-17.8-18.5L583.9 307c-5-13.3-12.1-25.5-20.9-36.2l9.3-28.2c3-9 .5-19-7.1-24.7c-4.7-3.5-9.6-6.8-14.6-9.9l-5.3-3c-5-2.8-10.2-5.3-15.6-7.6c-8.7-3.7-18.6-.9-25 6.2l-19.8 22.2c-6.8-1.1-13.8-1.7-20.9-1.7s-14.1 .6-20.9 1.7l-19.8-22.2c-6.3-7.1-16.2-9.9-25-6.2c-5.3 2.3-10.5 4.8-15.6 7.6l-5.2 3c-5.1 3-9.9 6.3-14.6 9.9c-7.6 5.7-10.1 15.7-7.1 24.7l9.3 28.2c-8.8 10.7-16 23-20.9 36.2L315.1 313c-9.3 1.9-16.7 9.1-17.8 18.5c-.8 6.7-1.2 13.5-1.2 20.4s.4 13.7 1.2 20.4c1.1 9.4 8.6 16.6 17.8 18.5l29.1 6.1c5 13.3 12.1 25.5 20.9 36.2l-9.3 28.2c-3 9-.5 19 7.1 24.7c4.7 3.5 9.5 6.8 14.6 9.8l5.4 3.1c5 2.8 10.2 5.3 15.5 7.6c8.7 3.7 18.6 .9 25-6.2l19.8-22.2c6.8 1.1 13.8 1.7 20.9 1.7s14.1-.6 20.9-1.7l19.8 22.2zM464 304a48 48 0 1 1 0 96 48 48 0 1 1 0-96z\"\/><\/svg>                                                                                                                           <\/div>\r\n\r\n                                                                          <h3 class=\"tamano5 boton-4-texto-normal\">3. Ejecuci\u00f3n que convierte estrategia en crecimiento<\/h3>\r\n                                                                                                               <div class=\"texto tamano7 color-1-body-dark\"><p data-start=\"903\" data-end=\"1158\">Apoyo a equipos en distintos canales y mercados del mundo. Puede ser desarrollar un plan de marketing, integrar comunicaciones de marketing, liderar un proceso de concurso creativo o desarrollar capacidades de marca \u2014 tanto en remoto como presencialmente.<\/p>\n<\/div>\r\n                                     \r\n                                 <\/div>\r\n                                                              <\/div>\r\n                                                                                            <\/div>\r\n             <\/div>\r\n         <\/div>\r\n     <\/div>\r\n <\/section>\r\n <style>\r\n     .services_17_1 .btn-round {\r\n         border-radius: 60px;\r\n         padding: 12px 25px;\r\n         display: inline-block;\r\n         margin-top: 20px;\r\n         min-width: 175px;\r\n         text-align: center;\r\n         transition: all ease .3s;\r\n         text-decoration: none;\r\n     }\r\n\r\n     .services_17_1 .col-top .flechas {\r\n         gap: 15px;\r\n         align-items: center;\r\n         display: flex;\r\n         justify-content: end;\r\n     }\r\n\r\n     .services_17_1 .col-top {\r\n         display: flex;\r\n         align-items: flex-end;\r\n         justify-content: space-between;\r\n         gap: 30px;\r\n         flex-wrap: wrap;\r\n     }\r\n\r\n     .services_17_1 .left {\r\n         max-width: 1200px;\r\n     }\r\n\r\n     .services_17_1 .servicio-item h3 {\r\n         padding-top: 10px;\r\n     }\r\n\r\n     .services_17_1 .servicio-item .icono {\r\n         max-height: 83px;\r\n         display: flex;\r\n         align-items: center;\r\n         justify-content: center;\r\n         height: 100%;\r\n     }\r\n\r\n     .services_17_1 .servicio-item h3 {\r\n         transition: all ease .3s;\r\n         padding-bottom: 15px;\r\n     }\r\n\r\n     .services_17_1 .servicio-item .texto {\r\n         transition: all ease .3s;\r\n     }\r\n\r\n     .services_17_1 .servicio-item:hover .texto {\r\n         color: var(--color-2-headings-light);\r\n     }\r\n\r\n     .services_17_1 .servicio-item:hover .btn-round {\r\n         background: var(--color-boton-3-normal);\r\n         color: var(--Color-boton-3-texto-normal);\r\n\r\n     }\r\n\r\n     .services_17_1 .servicio-item:hover .icono {\r\n         color: var(--color-logotipo-negative);\r\n         transition: all ease .3s;\r\n     }\r\n\r\n     .services_17_1 .servicio-item:hover h3 {\r\n         color: var(--color-2-headings-light);\r\n     }\r\n\r\n     .services_17_1 .servicio-item:hover .texto {\r\n         color: var(--color-2-headings-light);\r\n     }\r\n\r\n     .services_17_1 .icono .icon-image,\r\n     .services_17_1 .icono svg {\r\n         max-width: 62px;\r\n         object-fit: contain;\r\n         margin: 0 auto;\r\n     }\r\n\r\n     .services_17_1 .servicio-item:hover {\r\n         background-color: var(--background-1-dark);\r\n     }\r\n\r\n     .services_17_1 .servicio-item {\r\n         width: 433px;\r\n         display: flex;\r\n         flex-direction: column;\r\n         gap: 30px;\r\n         justify-content: space-between;\r\n         \/*align-items: end;*\/\r\n     }\r\n\r\n     .services_17_1 .servicio-item {\r\n         padding: 27px 27px 40px 30px;\r\n         margin: 0 15px;\r\n         border-radius: 3px;\r\n         transition: all ease .3s;\r\n         min-height: 430px;\r\n         height: auto !important;\r\n     }\r\n\r\n     .services_17_1 .servicio-item svg {\r\n         width: 62px;\r\n     }\r\n\r\n     .services_17_1 .slick-list {\r\n         margin: 0 -15px;\r\n     }\r\n\r\n     .services_17_1 .slick-track {\r\n         display: flex !important;\r\n     }\r\n\r\n     .services_17_1 {\r\n         padding: 80px 0;\r\n     }\r\n\r\n     .services_17_1 .col-top {\r\n         margin-bottom: 45px;\r\n     }\r\n\r\n     .services_17_1 .flechas .derecha {\r\n         transform: rotate(180deg);\r\n     }\r\n\r\n     .services_17_1 .flechas .izquierda,\r\n     .services_17_1 .flechas .derecha {\r\n         cursor: pointer;\r\n     }\r\n\r\n     .services_17_1 .flechas svg:hover path {\r\n         fill: var(--color-boton-2-texto-normal);\r\n     }\r\n\r\n     .services_17_1 .flechas svg path {\r\n         fill: var(--color-boton-2-normal);\r\n         transition: all ease .3s;\r\n     }\r\n\r\n     .services_17_1 .flechas svg:hover circle {\r\n         fill: var(--color-boton-2-normal);\r\n     }\r\n\r\n     .services_17_1 .flechas svg circle {\r\n         fill: transparent;\r\n         stroke: var(--color-boton-2-normal);\r\n         transition: all ease .3s;\r\n     }\r\n\r\n     .services_17_1 h2 {\r\n         padding-bottom: 50px;\r\n     }\r\n\r\n     @media (max-width:992px) {\r\n         .services_17_1 .servicio-item svg {\r\n             width: 40px;\r\n         }\r\n\r\n         .services_17_1 h2 {\r\n             padding-bottom: 35px;\r\n         }\r\n\r\n         .services_17_1 {\r\n             padding: 40px 0;\r\n         }\r\n     }\r\n <\/style>\r\n <script>\r\n     jQuery(document).ready(function() {\r\n         jQuery('.services_17_1 .slider').slick({\r\n             dots: false,\r\n             arrows: true,\r\n             infinite: true,\r\n             prevArrow: jQuery('.services_17_1 .flechas .izquierda'),\r\n             nextArrow: jQuery('.services_17_1 .flechas .derecha'),\r\n             speed: 300,\r\n             slidesToShow: 4,\r\n             responsive: [{\r\n                     breakpoint: 1550,\r\n                     settings: {\r\n                         slidesToShow: 3\r\n                     }\r\n                 },\r\n                 {\r\n                     breakpoint: 1200,\r\n                     settings: {\r\n                         slidesToShow: 2\r\n                     }\r\n                 },\r\n                 {\r\n                     breakpoint: 768,\r\n                     settings: {\r\n                         slidesToShow: 1\r\n                     }\r\n                 }\r\n             ]\r\n         });\r\n     });\r\n <\/script>\r\n","protected":false},"excerpt":{"rendered":"","protected":false},"author":1,"featured_media":0,"parent":0,"menu_order":0,"comment_status":"open","ping_status":"closed","template":"","meta":{"_acf_changed":false,"iawp_total_views":0,"footnotes":""},"class_list":["post-365","page","type-page","status-publish","hentry"],"acf":[],"yoast_head":"<!-- This site is optimized with the Yoast SEO plugin v27.4 - https:\/\/yoast.com\/product\/yoast-seo-wordpress\/ -->\n<title>Consultor Marketing Internacional - Guy Munz-Jones<\/title>\n<meta name=\"description\" content=\"Strategias personalizadas de marketing y negocios para potenciar su empresa en el mercado global. Conf\u00ede en Guy Munz-Jones para un crecimiento sostenible.\" \/>\n<meta name=\"robots\" content=\"index, follow, max-snippet:-1, max-image-preview:large, max-video-preview:-1\" \/>\n<link rel=\"canonical\" href=\"https:\/\/guymunzjones.com\/en\/que-hago\/\" \/>\n<meta property=\"og:locale\" content=\"en_US\" \/>\n<meta property=\"og:type\" content=\"article\" \/>\n<meta property=\"og:title\" content=\"Consultor Marketing Internacional - Guy Munz-Jones\" \/>\n<meta property=\"og:description\" content=\"Strategias personalizadas de marketing y negocios para potenciar su empresa en el mercado global. Conf\u00ede en Guy Munz-Jones para un crecimiento sostenible.\" \/>\n<meta property=\"og:url\" content=\"https:\/\/guymunzjones.com\/en\/que-hago\/\" \/>\n<meta property=\"og:site_name\" content=\"Guy Munz-Jones\" \/>\n<meta property=\"article:modified_time\" content=\"2025-12-03T11:35:22+00:00\" \/>\n<meta name=\"twitter:card\" content=\"summary_large_image\" \/>\n<!-- \/ Yoast SEO plugin. -->","yoast_head_json":{"title":"Consultor Marketing Internacional - Guy Munz-Jones","description":"Strategias personalizadas de marketing y negocios para potenciar su empresa en el mercado global. Conf\u00ede en Guy Munz-Jones para un crecimiento sostenible.","robots":{"index":"index","follow":"follow","max-snippet":"max-snippet:-1","max-image-preview":"max-image-preview:large","max-video-preview":"max-video-preview:-1"},"canonical":"https:\/\/guymunzjones.com\/en\/que-hago\/","og_locale":"en_US","og_type":"article","og_title":"Consultor Marketing Internacional - Guy Munz-Jones","og_description":"Strategias personalizadas de marketing y negocios para potenciar su empresa en el mercado global. Conf\u00ede en Guy Munz-Jones para un crecimiento sostenible.","og_url":"https:\/\/guymunzjones.com\/en\/que-hago\/","og_site_name":"Guy Munz-Jones","article_modified_time":"2025-12-03T11:35:22+00:00","twitter_card":"summary_large_image","schema":{"@context":"https:\/\/schema.org","@graph":[{"@type":"WebPage","@id":"https:\/\/guymunzjones.com\/en\/que-hago\/","url":"https:\/\/guymunzjones.com\/en\/que-hago\/","name":"Consultor Marketing Internacional - Guy Munz-Jones","isPartOf":{"@id":"https:\/\/guymunzjones.com\/en\/#website"},"datePublished":"2025-06-18T16:43:44+00:00","dateModified":"2025-12-03T11:35:22+00:00","description":"Strategias personalizadas de marketing y negocios para potenciar su empresa en el mercado global. Conf\u00ede en Guy Munz-Jones para un crecimiento sostenible.","breadcrumb":{"@id":"https:\/\/guymunzjones.com\/en\/que-hago\/#breadcrumb"},"inLanguage":"en-US","potentialAction":[{"@type":"ReadAction","target":["https:\/\/guymunzjones.com\/en\/que-hago\/"]}]},{"@type":"BreadcrumbList","@id":"https:\/\/guymunzjones.com\/en\/que-hago\/#breadcrumb","itemListElement":[{"@type":"ListItem","position":1,"name":"Portada","item":"https:\/\/guymunzjones.com\/en\/"},{"@type":"ListItem","position":2,"name":"Qu\u00e9 hago"}]},{"@type":"WebSite","@id":"https:\/\/guymunzjones.com\/en\/#website","url":"https:\/\/guymunzjones.com\/en\/","name":"Guy Munz-Jones","description":"","publisher":{"@id":"https:\/\/guymunzjones.com\/en\/#organization"},"potentialAction":[{"@type":"SearchAction","target":{"@type":"EntryPoint","urlTemplate":"https:\/\/guymunzjones.com\/en\/?s={search_term_string}"},"query-input":{"@type":"PropertyValueSpecification","valueRequired":true,"valueName":"search_term_string"}}],"inLanguage":"en-US"},{"@type":"Organization","@id":"https:\/\/guymunzjones.com\/en\/#organization","name":"Guy Munz-Jones","url":"https:\/\/guymunzjones.com\/en\/","logo":{"@type":"ImageObject","inLanguage":"en-US","@id":"https:\/\/guymunzjones.com\/en\/#\/schema\/logo\/image\/","url":"https:\/\/guymunzjones.com\/wp-content\/uploads\/2025\/06\/Leonardo_Phoenix_09_Logotipo_de_estilo_formal_para_consultora_0.jpg","contentUrl":"https:\/\/guymunzjones.com\/wp-content\/uploads\/2025\/06\/Leonardo_Phoenix_09_Logotipo_de_estilo_formal_para_consultora_0.jpg","width":768,"height":768,"caption":"Guy Munz-Jones"},"image":{"@id":"https:\/\/guymunzjones.com\/en\/#\/schema\/logo\/image\/"}}]}},"_links":{"self":[{"href":"https:\/\/guymunzjones.com\/en\/wp-json\/wp\/v2\/pages\/365","targetHints":{"allow":["GET"]}}],"collection":[{"href":"https:\/\/guymunzjones.com\/en\/wp-json\/wp\/v2\/pages"}],"about":[{"href":"https:\/\/guymunzjones.com\/en\/wp-json\/wp\/v2\/types\/page"}],"author":[{"embeddable":true,"href":"https:\/\/guymunzjones.com\/en\/wp-json\/wp\/v2\/users\/1"}],"replies":[{"embeddable":true,"href":"https:\/\/guymunzjones.com\/en\/wp-json\/wp\/v2\/comments?post=365"}],"version-history":[{"count":6,"href":"https:\/\/guymunzjones.com\/en\/wp-json\/wp\/v2\/pages\/365\/revisions"}],"predecessor-version":[{"id":780,"href":"https:\/\/guymunzjones.com\/en\/wp-json\/wp\/v2\/pages\/365\/revisions\/780"}],"wp:attachment":[{"href":"https:\/\/guymunzjones.com\/en\/wp-json\/wp\/v2\/media?parent=365"}],"curies":[{"name":"wp","href":"https:\/\/api.w.org\/{rel}","templated":true}]}}